{"id":9,"date":"2026-04-22T07:09:57","date_gmt":"2026-04-22T07:09:57","guid":{"rendered":"https:\/\/focused-knuth.92-205-237-139.plesk.page\/?page_id=9"},"modified":"2026-04-22T09:36:41","modified_gmt":"2026-04-22T09:36:41","slug":"aktion-inhausverkabelung-projekt-sasbachwalden","status":"publish","type":"page","link":"https:\/\/focused-knuth.92-205-237-139.plesk.page\/","title":{"rendered":"Aktion Inhausverkabelung Projekt Sasbachwalden"},"content":{"rendered":"<div id=\"pl-9\"  class=\"panel-layout\" ><div id=\"pg-9-0\"  class=\"panel-grid panel-has-style\" ><div id=\"hero\" class=\"panel-row-style panel-row-style-for-9-0\" ><div id=\"pgc-9-0-0\"  class=\"panel-grid-cell\" ><div id=\"panel-9-0-0-0\" class=\"so-panel widget widget_sow-editor panel-first-child\" data-index=\"0\" ><div class=\"hero-text panel-widget-style panel-widget-style-for-9-0-0-0\" ><div\n\t\t\t\n\t\t\tclass=\"so-widget-sow-editor so-widget-sow-editor-base\"\n\t\t\t\n\t\t>\n<div class=\"siteorigin-widget-tinymce textwidget\">\n\t<p>Sasbachwalden<\/p>\n<h1>Inhausverkabelung installieren<br \/>\nund Cash back sichern!*<\/h1>\n<p><a class=\"more-btn\" href=\"#registrierung\">Jetzt registrieren &amp; beraten lassen<\/a><\/p>\n<\/div>\n<\/div><\/div><\/div><div id=\"panel-9-0-0-1\" class=\"so-panel widget widget_sow-image\" data-index=\"1\" ><div\n\t\t\t\n\t\t\tclass=\"so-widget-sow-image so-widget-sow-image-default-8b5b6f678277-9\"\n\t\t\t\n\t\t>\n<div class=\"sow-image-container\">\n\t\t<img \n\tsrc=\"https:\/\/focused-knuth.92-205-237-139.plesk.page\/wp-content\/uploads\/2026\/04\/Gartenstadt_3D_Kandern_WEB-1024x724-1.jpg\" width=\"1024\" height=\"724\" srcset=\"https:\/\/focused-knuth.92-205-237-139.plesk.page\/wp-content\/uploads\/2026\/04\/Gartenstadt_3D_Kandern_WEB-1024x724-1.jpg 1024w, https:\/\/focused-knuth.92-205-237-139.plesk.page\/wp-content\/uploads\/2026\/04\/Gartenstadt_3D_Kandern_WEB-1024x724-1-300x212.jpg 300w, https:\/\/focused-knuth.92-205-237-139.plesk.page\/wp-content\/uploads\/2026\/04\/Gartenstadt_3D_Kandern_WEB-1024x724-1-768x543.jpg 768w\" sizes=\"(max-width: 1024px) 100vw, 1024px\" title=\"Gartenstadt_3D_Kandern_WEB-1024&#215;724\" alt=\"\" \t\tclass=\"so-widget-image\"\/>\n\t<\/div>\n\n<\/div><\/div><div id=\"panel-9-0-0-2\" class=\"so-panel widget widget_sow-image panel-last-child\" data-index=\"2\" ><div id=\"hero-badge\" class=\"panel-widget-style panel-widget-style-for-9-0-0-2\" ><div\n\t\t\t\n\t\t\tclass=\"so-widget-sow-image so-widget-sow-image-default-8b5b6f678277-9\"\n\t\t\t\n\t\t>\n<div class=\"sow-image-container\">\n\t\t<img \n\tsrc=\"https:\/\/focused-knuth.92-205-237-139.plesk.page\/wp-content\/uploads\/2026\/04\/stoerer.png\" width=\"800\" height=\"800\" srcset=\"https:\/\/focused-knuth.92-205-237-139.plesk.page\/wp-content\/uploads\/2026\/04\/stoerer.png 800w, https:\/\/focused-knuth.92-205-237-139.plesk.page\/wp-content\/uploads\/2026\/04\/stoerer-300x300.png 300w, https:\/\/focused-knuth.92-205-237-139.plesk.page\/wp-content\/uploads\/2026\/04\/stoerer-150x150.png 150w, https:\/\/focused-knuth.92-205-237-139.plesk.page\/wp-content\/uploads\/2026\/04\/stoerer-768x768.png 768w\" sizes=\"(max-width: 800px) 100vw, 800px\" alt=\"\" \t\tclass=\"so-widget-image\"\/>\n\t<\/div>\n\n<\/div><\/div><\/div><\/div><\/div><\/div><div id=\"pg-9-1\"  class=\"panel-grid panel-has-style\" ><div class=\"content-section panel-row-style panel-row-style-for-9-1\" ><div id=\"pgc-9-1-0\"  class=\"panel-grid-cell\" ><div id=\"panel-9-1-0-0\" class=\"so-panel widget widget_sow-editor panel-first-child\" data-index=\"3\" ><div\n\t\t\t\n\t\t\tclass=\"so-widget-sow-editor so-widget-sow-editor-base\"\n\t\t\t\n\t\t>\n<div class=\"siteorigin-widget-tinymce textwidget\">\n\t<h2 style=\"text-align: center;\">Infoveranstaltung fu\u0308r<br \/>\nObjektbesitzer und Hausverwalter<\/h2>\n<\/div>\n<\/div><\/div><div id=\"panel-9-1-0-1\" class=\"so-panel widget widget_siteorigin-panels-builder panel-last-child\" data-index=\"4\" ><div class=\"info-icon-row panel-widget-style panel-widget-style-for-9-1-0-1\" ><div id=\"pl-w69e884c35b434\"  class=\"panel-layout\" ><div id=\"pg-w69e884c35b434-0\"  class=\"panel-grid panel-no-style\" ><div id=\"pgc-w69e884c35b434-0-0\"  class=\"panel-grid-cell\" ><div id=\"panel-w69e884c35b434-0-0-0\" class=\"so-panel widget widget_sow-image panel-first-child\" data-index=\"0\" ><div\n\t\t\t\n\t\t\tclass=\"so-widget-sow-image so-widget-sow-image-default-8b5b6f678277\"\n\t\t\t\n\t\t>\n<div class=\"sow-image-container\">\n\t\t<img \n\tsrc=\"https:\/\/focused-knuth.92-205-237-139.plesk.page\/wp-content\/uploads\/2026\/04\/pin.png\" width=\"320\" height=\"320\" srcset=\"https:\/\/focused-knuth.92-205-237-139.plesk.page\/wp-content\/uploads\/2026\/04\/pin.png 320w, https:\/\/focused-knuth.92-205-237-139.plesk.page\/wp-content\/uploads\/2026\/04\/pin-300x300.png 300w, https:\/\/focused-knuth.92-205-237-139.plesk.page\/wp-content\/uploads\/2026\/04\/pin-150x150.png 150w\" sizes=\"(max-width: 320px) 100vw, 320px\" alt=\"\" \t\tclass=\"so-widget-image\"\/>\n\t<\/div>\n\n<\/div><\/div><div id=\"panel-w69e884c35b434-0-0-1\" class=\"so-panel widget widget_sow-editor panel-last-child\" data-index=\"1\" ><div\n\t\t\t\n\t\t\tclass=\"so-widget-sow-editor so-widget-sow-editor-base\"\n\t\t\t\n\t\t>\n<div class=\"siteorigin-widget-tinymce textwidget\">\n\t<h3 style=\"text-align: center;\">Sasbachwalden<\/h3>\n<\/div>\n<\/div><\/div><\/div><div id=\"pgc-w69e884c35b434-0-1\"  class=\"panel-grid-cell\" ><div id=\"panel-w69e884c35b434-0-1-0\" class=\"so-panel widget widget_sow-image panel-first-child\" data-index=\"2\" ><div\n\t\t\t\n\t\t\tclass=\"so-widget-sow-image so-widget-sow-image-default-8b5b6f678277\"\n\t\t\t\n\t\t>\n<div class=\"sow-image-container\">\n\t\t<img \n\tsrc=\"https:\/\/focused-knuth.92-205-237-139.plesk.page\/wp-content\/uploads\/2026\/04\/cal.png\" width=\"320\" height=\"320\" srcset=\"https:\/\/focused-knuth.92-205-237-139.plesk.page\/wp-content\/uploads\/2026\/04\/cal.png 320w, https:\/\/focused-knuth.92-205-237-139.plesk.page\/wp-content\/uploads\/2026\/04\/cal-300x300.png 300w, https:\/\/focused-knuth.92-205-237-139.plesk.page\/wp-content\/uploads\/2026\/04\/cal-150x150.png 150w\" sizes=\"(max-width: 320px) 100vw, 320px\" alt=\"\" \t\tclass=\"so-widget-image\"\/>\n\t<\/div>\n\n<\/div><\/div><div id=\"panel-w69e884c35b434-0-1-1\" class=\"so-panel widget widget_sow-editor panel-last-child\" data-index=\"3\" ><div\n\t\t\t\n\t\t\tclass=\"so-widget-sow-editor so-widget-sow-editor-base\"\n\t\t\t\n\t\t>\n<div class=\"siteorigin-widget-tinymce textwidget\">\n\t<h3 style=\"text-align: center;\">15. Mai 2026<br \/>\num 18:00 Uhr<\/h3>\n<\/div>\n<\/div><\/div><\/div><div id=\"pgc-w69e884c35b434-0-2\"  class=\"panel-grid-cell\" ><div id=\"panel-w69e884c35b434-0-2-0\" class=\"so-panel widget widget_sow-image panel-first-child\" data-index=\"4\" ><div\n\t\t\t\n\t\t\tclass=\"so-widget-sow-image so-widget-sow-image-default-8b5b6f678277\"\n\t\t\t\n\t\t>\n<div class=\"sow-image-container\">\n\t\t<img \n\tsrc=\"https:\/\/focused-knuth.92-205-237-139.plesk.page\/wp-content\/uploads\/2026\/04\/ort.png\" width=\"320\" height=\"320\" srcset=\"https:\/\/focused-knuth.92-205-237-139.plesk.page\/wp-content\/uploads\/2026\/04\/ort.png 320w, https:\/\/focused-knuth.92-205-237-139.plesk.page\/wp-content\/uploads\/2026\/04\/ort-300x300.png 300w, https:\/\/focused-knuth.92-205-237-139.plesk.page\/wp-content\/uploads\/2026\/04\/ort-150x150.png 150w\" sizes=\"(max-width: 320px) 100vw, 320px\" alt=\"\" \t\tclass=\"so-widget-image\"\/>\n\t<\/div>\n\n<\/div><\/div><div id=\"panel-w69e884c35b434-0-2-1\" class=\"so-panel widget widget_sow-editor panel-last-child\" data-index=\"5\" ><div\n\t\t\t\n\t\t\tclass=\"so-widget-sow-editor so-widget-sow-editor-base\"\n\t\t\t\n\t\t>\n<div class=\"siteorigin-widget-tinymce textwidget\">\n\t<h3 style=\"text-align: center;\">Alte Gott Winzer<br \/>\nSasbachwalden eG<\/h3>\n<\/div>\n<\/div><\/div><\/div><\/div><\/div><\/div><\/div><\/div><\/div><\/div><div id=\"pg-9-2\"  class=\"panel-grid panel-has-style\" ><div class=\"content-section panel-row-style panel-row-style-for-9-2\" id=\"registrierung\" ><div id=\"pgc-9-2-0\"  class=\"panel-grid-cell\" ><div id=\"panel-9-2-0-0\" class=\"so-panel widget widget_sow-editor panel-first-child\" data-index=\"5\" ><div\n\t\t\t\n\t\t\tclass=\"so-widget-sow-editor so-widget-sow-editor-base\"\n\t\t\t\n\t\t>\n<div class=\"siteorigin-widget-tinymce textwidget\">\n\t<h2 style=\"text-align: center;\">Jetzt registrieren und beraten lassen!<\/h2>\n\n<div class=\"wpcf7 no-js\" id=\"wpcf7-f6-o1\" lang=\"de-DE\" dir=\"ltr\" data-wpcf7-id=\"6\">\n<div class=\"screen-reader-response\"><p role=\"status\" aria-live=\"polite\" aria-atomic=\"true\"><\/p> <ul><\/ul><\/div>\n<form action=\"\/index.php?rest_route=%2Fwp%2Fv2%2Fpages%2F9#wpcf7-f6-o1\" method=\"post\" class=\"wpcf7-form init\" aria-label=\"Kontaktformular\" novalidate=\"novalidate\" data-status=\"init\">\n<fieldset class=\"hidden-fields-container\"><input type=\"hidden\" name=\"_wpcf7\" value=\"6\" \/><input type=\"hidden\" name=\"_wpcf7_version\" value=\"6.1.5\" \/><input type=\"hidden\" name=\"_wpcf7_locale\" value=\"de_DE\" \/><input type=\"hidden\" name=\"_wpcf7_unit_tag\" value=\"wpcf7-f6-o1\" \/><input type=\"hidden\" name=\"_wpcf7_container_post\" value=\"0\" \/><input type=\"hidden\" name=\"_wpcf7_posted_data_hash\" value=\"\" \/>\n<\/fieldset>\n<div class=\"form-flex-item\">\n\t<p><label><br \/>\n<span class=\"wpcf7-form-control-wrap\" data-name=\"vorundnachname\"><input size=\"40\" maxlength=\"400\" class=\"wpcf7-form-control wpcf7-text wpcf7-validates-as-required\" aria-required=\"true\" aria-invalid=\"false\" placeholder=\"Vor- &amp; Nachname\" value=\"\" type=\"text\" name=\"vorundnachname\" \/><\/span> <\/label>\n\t<\/p>\n<\/div>\n<div class=\"form-flex-item\">\n\t<p><label><br \/>\n<span class=\"wpcf7-form-control-wrap\" data-name=\"telefon\"><input size=\"40\" maxlength=\"400\" class=\"wpcf7-form-control wpcf7-tel wpcf7-validates-as-required wpcf7-text wpcf7-validates-as-tel\" aria-required=\"true\" aria-invalid=\"false\" placeholder=\"Telefonnummer\" value=\"\" type=\"tel\" name=\"telefon\" \/><\/span> <\/label>\n\t<\/p>\n<\/div>\n<div class=\"form-flex-item inner-flex\">\n\t<p><label><br \/>\n<span class=\"wpcf7-form-control-wrap\" data-name=\"strasse\"><input size=\"40\" maxlength=\"400\" class=\"wpcf7-form-control wpcf7-text wpcf7-validates-as-required\" aria-required=\"true\" aria-invalid=\"false\" placeholder=\"Stra\u00dfe\" value=\"\" type=\"text\" name=\"strasse\" \/><\/span> <\/label>\n\t<\/p>\n\t<p><label><br \/>\n<span class=\"wpcf7-form-control-wrap\" data-name=\"nummer\"><input size=\"40\" maxlength=\"400\" class=\"wpcf7-form-control wpcf7-text wpcf7-validates-as-required\" aria-required=\"true\" aria-invalid=\"false\" placeholder=\"Nr.\" value=\"\" type=\"text\" name=\"nummer\" \/><\/span> <\/label>\n\t<\/p>\n<\/div>\n<div class=\"form-flex-item inner-flex\">\n\t<p><label><br \/>\n<span class=\"wpcf7-form-control-wrap\" data-name=\"plz\"><input size=\"40\" maxlength=\"400\" class=\"wpcf7-form-control wpcf7-text wpcf7-validates-as-required\" aria-required=\"true\" aria-invalid=\"false\" placeholder=\"PLZ\" value=\"\" type=\"text\" name=\"plz\" \/><\/span> <\/label>\n\t<\/p>\n\t<p><label><br \/>\n<span class=\"wpcf7-form-control-wrap\" data-name=\"ort\"><input size=\"40\" maxlength=\"400\" class=\"wpcf7-form-control wpcf7-text wpcf7-validates-as-required\" aria-required=\"true\" aria-invalid=\"false\" placeholder=\"Ort\" value=\"\" type=\"text\" name=\"ort\" \/><\/span> <\/label>\n\t<\/p>\n<\/div>\n<div class=\"form-flex-item-full\">\n\t<p><span class=\"wpcf7-form-control-wrap\" data-name=\"checkbox-bestimmungen\"><span class=\"wpcf7-form-control wpcf7-checkbox wpcf7-validates-as-required\"><span class=\"wpcf7-list-item first last\"><label><input type=\"checkbox\" name=\"checkbox-bestimmungen[]\" value=\"Mit der Eintragung meiner Daten entstehen f\u00fcr mich keine Verpflichtungen zur Teilnahme. Ich stimme zu, dass meine Daten gespeichert werden, und zur Kontaktaufnahme f\u00fcr eine Beratung innerhalb der Aktion an Projektpartner weitergegeben werden d\u00fcrfen.\" \/><span class=\"wpcf7-list-item-label\">Mit der Eintragung meiner Daten entstehen f\u00fcr mich keine Verpflichtungen zur Teilnahme. Ich stimme zu, dass meine Daten gespeichert werden, und zur Kontaktaufnahme f\u00fcr eine Beratung innerhalb der Aktion an Projektpartner weitergegeben werden d\u00fcrfen.<\/span><\/label><\/span><\/span><\/span>\n\t<\/p>\n<\/div>\n<p><button type=\"submit\" class=\"wpcf7-form-control wpcf7-submit btn btn-primary more-btn\">Jetzt registrieren<\/button>\n<\/p><div class=\"wpcf7-response-output\" aria-hidden=\"true\"><\/div>\n<\/form>\n<\/div>\n\n<\/div>\n<\/div><\/div><div id=\"panel-9-2-0-1\" class=\"so-panel widget widget_sow-editor panel-last-child\" data-index=\"6\" ><div class=\"mo_text panel-widget-style panel-widget-style-for-9-2-0-1\" ><div\n\t\t\t\n\t\t\tclass=\"so-widget-sow-editor so-widget-sow-editor-base\"\n\t\t\t\n\t\t>\n<div class=\"siteorigin-widget-tinymce textwidget\">\n\t<div><strong>Warum ist eine Registrierung Hilfreich:<\/strong><\/div>\n<div>Mit der Registrierung erhalten Sie Zugang zu einer Fachberatung unseres Installationspartners APM. Wir empfehlen die Beratung zur Installation ihrer Inhausverkabelung und die individuelle Erstellung eines Installationsangebotes f\u00fcr eine Fachgerechte Ausf\u00fchrung. Unser Installationspartner ist ein ausgewiesenen Fachbetrieb, und verf\u00fcgt \u00fcber umfangreiche Erfahrungen in der Anbindung Ihrer Wohneinheiten an ihren bestehenden Glasfaserhausanschluss.<\/div>\n<\/div>\n<\/div><\/div><\/div><\/div><\/div><\/div><div id=\"pg-9-3\"  class=\"panel-grid panel-has-style\" ><div class=\"img_trenner panel-row-style panel-row-style-for-9-3\" ><div id=\"pgc-9-3-0\"  class=\"panel-grid-cell\" ><div id=\"panel-9-3-0-0\" class=\"so-panel widget widget_sow-image panel-first-child\" data-index=\"7\" ><div\n\t\t\t\n\t\t\tclass=\"so-widget-sow-image so-widget-sow-image-default-8b5b6f678277-9\"\n\t\t\t\n\t\t>\n<div class=\"sow-image-container\">\n\t\t<img \n\tsrc=\"https:\/\/focused-knuth.92-205-237-139.plesk.page\/wp-content\/uploads\/2026\/04\/slider_sonnenbuehl_bad-duerrheim.jpg\" width=\"1032\" height=\"450\" srcset=\"https:\/\/focused-knuth.92-205-237-139.plesk.page\/wp-content\/uploads\/2026\/04\/slider_sonnenbuehl_bad-duerrheim.jpg 1032w, https:\/\/focused-knuth.92-205-237-139.plesk.page\/wp-content\/uploads\/2026\/04\/slider_sonnenbuehl_bad-duerrheim-300x131.jpg 300w, https:\/\/focused-knuth.92-205-237-139.plesk.page\/wp-content\/uploads\/2026\/04\/slider_sonnenbuehl_bad-duerrheim-1024x447.jpg 1024w, https:\/\/focused-knuth.92-205-237-139.plesk.page\/wp-content\/uploads\/2026\/04\/slider_sonnenbuehl_bad-duerrheim-768x335.jpg 768w\" sizes=\"(max-width: 1032px) 100vw, 1032px\" alt=\"\" \t\tclass=\"so-widget-image\"\/>\n\t<\/div>\n\n<\/div><\/div><div id=\"panel-9-3-0-1\" class=\"so-panel widget widget_sow-editor panel-last-child\" data-index=\"8\" ><div class=\"img_row_text panel-widget-style panel-widget-style-for-9-3-0-1\" ><div\n\t\t\t\n\t\t\tclass=\"so-widget-sow-editor so-widget-sow-editor-base\"\n\t\t\t\n\t\t>\n<div class=\"siteorigin-widget-tinymce textwidget\">\n\t<p style=\"text-align: center;\">Sasbachwalden<\/p>\n<h2 style=\"text-align: center;\">Jetzt Inhausverkabelung installieren<br \/>\nund Cash back sichern!*<\/h2>\n<\/div>\n<\/div><\/div><\/div><\/div><\/div><\/div><div id=\"pg-9-4\"  class=\"panel-grid panel-has-style\" ><div class=\"content-section panel-row-style panel-row-style-for-9-4\" ><div id=\"pgc-9-4-0\"  class=\"panel-grid-cell\" ><div id=\"panel-9-4-0-0\" class=\"so-panel widget widget_sow-image panel-first-child\" data-index=\"9\" ><div id=\"hero-badge-2\" class=\"panel-widget-style panel-widget-style-for-9-4-0-0\" ><div\n\t\t\t\n\t\t\tclass=\"so-widget-sow-image so-widget-sow-image-default-8b5b6f678277-9\"\n\t\t\t\n\t\t>\n<div class=\"sow-image-container\">\n\t\t<img \n\tsrc=\"https:\/\/focused-knuth.92-205-237-139.plesk.page\/wp-content\/uploads\/2026\/04\/stoerer.png\" width=\"800\" height=\"800\" srcset=\"https:\/\/focused-knuth.92-205-237-139.plesk.page\/wp-content\/uploads\/2026\/04\/stoerer.png 800w, https:\/\/focused-knuth.92-205-237-139.plesk.page\/wp-content\/uploads\/2026\/04\/stoerer-300x300.png 300w, https:\/\/focused-knuth.92-205-237-139.plesk.page\/wp-content\/uploads\/2026\/04\/stoerer-150x150.png 150w, https:\/\/focused-knuth.92-205-237-139.plesk.page\/wp-content\/uploads\/2026\/04\/stoerer-768x768.png 768w\" sizes=\"(max-width: 800px) 100vw, 800px\" alt=\"\" \t\tclass=\"so-widget-image\"\/>\n\t<\/div>\n\n<\/div><\/div><\/div><div id=\"panel-9-4-0-1\" class=\"so-panel widget widget_sow-editor panel-last-child\" data-index=\"10\" ><div\n\t\t\t\n\t\t\tclass=\"so-widget-sow-editor so-widget-sow-editor-base\"\n\t\t\t\n\t\t>\n<div class=\"siteorigin-widget-tinymce textwidget\">\n\t<h2 style=\"text-align: center;\">Machen Sie ihre Wohneinheiten Zukunftsf\u00e4hig<br \/>\nund nutzen Sie Ihren vorhandenen Glasfaser Hausanschluss!<\/h2>\n<p style=\"text-align: center;\"><strong>Wir Unterstu\u0308tzen Sie dabei mit einem Investitionszuschuss von bis zu 350,- \u20ac pro Wohneinheit.*<\/strong><\/p>\n<p style=\"text-align: center;\">Nutzen Sie unsere kostenlose Beratung, und erfahren Sie, was Sie jetzt tun mu\u0308ssen:<br \/>\nEinfach mit Ihren Adressdaten registrieren, Informationsveranstaltung besuchen, oder pers\u00f6nliches Beratungsangebot in Anspruch nehmen.<\/p>\n<p style=\"text-align: center;\"><a class=\"more-btn\" href=\"#registrierung\">Jetzt registrieren &amp; beraten lassen<\/a><\/p>\n<\/div>\n<\/div><\/div><\/div><\/div><\/div><\/div>","protected":false},"excerpt":{"rendered":"<p>Sasbachwalden Inhausverkabelung installieren und Cash back sichern!* Jetzt registrieren &amp; beraten lassen Infoveranstaltung fu\u0308r Objektbesitzer und Hausverwalter<\/p>\n","protected":false},"author":1,"featured_media":0,"parent":0,"menu_order":0,"comment_status":"closed","ping_status":"closed","template":"","meta":{"footnotes":""},"class_list":["post-9","page","type-page","status-publish","hentry"],"_links":{"self":[{"href":"https:\/\/focused-knuth.92-205-237-139.plesk.page\/index.php?rest_route=\/wp\/v2\/pages\/9","targetHints":{"allow":["GET"]}}],"collection":[{"href":"https:\/\/focused-knuth.92-205-237-139.plesk.page\/index.php?rest_route=\/wp\/v2\/pages"}],"about":[{"href":"https:\/\/focused-knuth.92-205-237-139.plesk.page\/index.php?rest_route=\/wp\/v2\/types\/page"}],"author":[{"embeddable":true,"href":"https:\/\/focused-knuth.92-205-237-139.plesk.page\/index.php?rest_route=\/wp\/v2\/users\/1"}],"replies":[{"embeddable":true,"href":"https:\/\/focused-knuth.92-205-237-139.plesk.page\/index.php?rest_route=%2Fwp%2Fv2%2Fcomments&post=9"}],"version-history":[{"count":36,"href":"https:\/\/focused-knuth.92-205-237-139.plesk.page\/index.php?rest_route=\/wp\/v2\/pages\/9\/revisions"}],"predecessor-version":[{"id":53,"href":"https:\/\/focused-knuth.92-205-237-139.plesk.page\/index.php?rest_route=\/wp\/v2\/pages\/9\/revisions\/53"}],"wp:attachment":[{"href":"https:\/\/focused-knuth.92-205-237-139.plesk.page\/index.php?rest_route=%2Fwp%2Fv2%2Fmedia&parent=9"}],"curies":[{"name":"wp","href":"https:\/\/api.w.org\/{rel}","templated":true}]}}